{"id":33,"date":"2019-11-30T14:44:15","date_gmt":"2019-11-30T13:44:15","guid":{"rendered":"https:\/\/m190.be\/?page_id=33"},"modified":"2023-05-12T06:38:10","modified_gmt":"2023-05-12T04:38:10","slug":"reservation-de-rendez-vous","status":"publish","type":"page","link":"https:\/\/m190.be\/index.php\/reservation-de-rendez-vous\/","title":{"rendered":"R\u00e9servation de rendez-vous"},"content":{"rendered":"\n<p>Pour prendre un rendez-vous avec le <strong>Dr Devos<\/strong>, veuillez t\u00e9l\u00e9phoner au Centre M190 (071\/14 04 59) et laisser un message, avec votre num\u00e9ro de t\u00e9l\u00e9phone, pr\u00e9cisant que vous souhaitez un rendez-vous chez le Dr DEVOS. Nous vous rappellerons.<\/p>\n\n\n\n<p>D\u00e9sormais la prise de rendez-vous pour <strong>le cabinet de cardiologie<\/strong> se fera via la page Doctoranytime (cfr lien ci apr\u00e8s), veuillez tenir compte du jour de consultation de chacune: le mardi pour le <strong>Dr Mandieau<\/strong>, le mercredi pour le <strong>Dr Retailleau<\/strong> et le jeudi pour le <strong>Dr Godefroid<\/strong>. <a href=\"https:\/\/www.doctoranytime.be\/d\/cardiologue\/cecile-godefroid\">https:\/\/www.doctoranytime.be\/d\/cardiologue\/cecile-godefroid<\/a><\/p>\n\n\n\n<p>Les rendez-vous pour <strong>Monsieur Maskens <\/strong>se font par t\u00e9l\u00e9phone (0497 397 663)  ou par mail (luc.maskens@gmail.com)<\/p>\n\n\n\n<p><\/p>\n","protected":false},"excerpt":{"rendered":"<div class=\"entry-summary\">\nPour prendre un rendez-vous avec le Dr Devos, veuillez t\u00e9l\u00e9phoner au Centre M190 (071\/14 04 59) et laisser un message, avec votre num\u00e9ro de t\u00e9l\u00e9phone, pr\u00e9cisant que vous souhaitez un rendez-vous chez le Dr DEVOS. Nous vous rappellerons. D\u00e9sormais la&hellip;\n<\/div>\n<div class=\"link-more\"><a href=\"https:\/\/m190.be\/index.php\/reservation-de-rendez-vous\/\" class=\"more-link\">Continue reading<span class=\"screen-reader-text\"> &ldquo;R\u00e9servation de rendez-vous&rdquo;<\/span>&hellip;<\/a><\/div>\n","protected":false},"author":1,"featured_media":0,"parent":0,"menu_order":0,"comment_status":"closed","ping_status":"closed","template":"","meta":{"footnotes":""},"class_list":["post-33","page","type-page","status-publish","hentry","entry"],"_links":{"self":[{"href":"https:\/\/m190.be\/index.php\/wp-json\/wp\/v2\/pages\/33","targetHints":{"allow":["GET"]}}],"collection":[{"href":"https:\/\/m190.be\/index.php\/wp-json\/wp\/v2\/pages"}],"about":[{"href":"https:\/\/m190.be\/index.php\/wp-json\/wp\/v2\/types\/page"}],"author":[{"embeddable":true,"href":"https:\/\/m190.be\/index.php\/wp-json\/wp\/v2\/users\/1"}],"replies":[{"embeddable":true,"href":"https:\/\/m190.be\/index.php\/wp-json\/wp\/v2\/comments?post=33"}],"version-history":[{"count":12,"href":"https:\/\/m190.be\/index.php\/wp-json\/wp\/v2\/pages\/33\/revisions"}],"predecessor-version":[{"id":331,"href":"https:\/\/m190.be\/index.php\/wp-json\/wp\/v2\/pages\/33\/revisions\/331"}],"wp:attachment":[{"href":"https:\/\/m190.be\/index.php\/wp-json\/wp\/v2\/media?parent=33"}],"curies":[{"name":"wp","href":"https:\/\/api.w.org\/{rel}","templated":true}]}}