{"id":25,"date":"2019-11-30T14:15:56","date_gmt":"2019-11-30T13:15:56","guid":{"rendered":"https:\/\/m190.be\/?page_id=25"},"modified":"2019-11-30T14:18:23","modified_gmt":"2019-11-30T13:18:23","slug":"les-cabinets-medicaux-et-paramedicaux","status":"publish","type":"page","link":"https:\/\/m190.be\/index.php\/les-cabinets-medicaux-et-paramedicaux\/","title":{"rendered":"Les cabinets m\u00e9dicaux et param\u00e9dicaux"},"content":{"rendered":"\n<p>Six cabinets d&rsquo;environ 20 m\u00b2 sont \u00e0 la disposition des patients. Chaque cabinet est \u00e9quip\u00e9 du mat\u00e9riel de base. Sont \u00e9galement pr\u00e9vus : <\/p>\n\n\n\n<ul class=\"wp-block-list\"><li>Parking priv\u00e9<\/li><li>Domotique<\/li><li>Surveillance par cam\u00e9ras<\/li><li>Controle d&rsquo;acc\u00e8s au b\u00e2timent<\/li><li>Vid\u00e9ophonie<\/li><li>Internet (Filaire et WIFI)<\/li><li>Salles d\u2019attente<\/li><\/ul>\n\n\n\n<figure class=\"wp-block-image size-large\"><img loading=\"lazy\" decoding=\"async\" width=\"1024\" height=\"768\" src=\"https:\/\/m190.be\/wp-content\/uploads\/2019\/11\/cabinet1-1024x768.jpg\" alt=\"\" class=\"wp-image-26\" srcset=\"https:\/\/m190.be\/wp-content\/uploads\/2019\/11\/cabinet1-1024x768.jpg 1024w, https:\/\/m190.be\/wp-content\/uploads\/2019\/11\/cabinet1-300x225.jpg 300w, https:\/\/m190.be\/wp-content\/uploads\/2019\/11\/cabinet1-768x576.jpg 768w, https:\/\/m190.be\/wp-content\/uploads\/2019\/11\/cabinet1-1536x1152.jpg 1536w, https:\/\/m190.be\/wp-content\/uploads\/2019\/11\/cabinet1-2048x1536.jpg 2048w\" sizes=\"auto, (max-width: 1024px) 100vw, 1024px\" \/><\/figure>\n","protected":false},"excerpt":{"rendered":"<div class=\"entry-summary\">\nSix cabinets d&rsquo;environ 20 m\u00b2 sont \u00e0 la disposition des patients. Chaque cabinet est \u00e9quip\u00e9 du mat\u00e9riel de base. Sont \u00e9galement pr\u00e9vus : Parking priv\u00e9 Domotique Surveillance par cam\u00e9ras Controle d&rsquo;acc\u00e8s au b\u00e2timent Vid\u00e9ophonie Internet (Filaire et WIFI) Salles d\u2019attente\n<\/div>\n<div class=\"link-more\"><a href=\"https:\/\/m190.be\/index.php\/les-cabinets-medicaux-et-paramedicaux\/\" class=\"more-link\">Continue reading<span class=\"screen-reader-text\"> &ldquo;Les cabinets m\u00e9dicaux et param\u00e9dicaux&rdquo;<\/span>&hellip;<\/a><\/div>\n","protected":false},"author":1,"featured_media":0,"parent":0,"menu_order":0,"comment_status":"closed","ping_status":"closed","template":"","meta":{"footnotes":""},"class_list":["post-25","page","type-page","status-publish","hentry","entry"],"_links":{"self":[{"href":"https:\/\/m190.be\/index.php\/wp-json\/wp\/v2\/pages\/25","targetHints":{"allow":["GET"]}}],"collection":[{"href":"https:\/\/m190.be\/index.php\/wp-json\/wp\/v2\/pages"}],"about":[{"href":"https:\/\/m190.be\/index.php\/wp-json\/wp\/v2\/types\/page"}],"author":[{"embeddable":true,"href":"https:\/\/m190.be\/index.php\/wp-json\/wp\/v2\/users\/1"}],"replies":[{"embeddable":true,"href":"https:\/\/m190.be\/index.php\/wp-json\/wp\/v2\/comments?post=25"}],"version-history":[{"count":3,"href":"https:\/\/m190.be\/index.php\/wp-json\/wp\/v2\/pages\/25\/revisions"}],"predecessor-version":[{"id":30,"href":"https:\/\/m190.be\/index.php\/wp-json\/wp\/v2\/pages\/25\/revisions\/30"}],"wp:attachment":[{"href":"https:\/\/m190.be\/index.php\/wp-json\/wp\/v2\/media?parent=25"}],"curies":[{"name":"wp","href":"https:\/\/api.w.org\/{rel}","templated":true}]}}