{"id":2,"date":"2019-11-29T15:15:14","date_gmt":"2019-11-29T14:15:14","guid":{"rendered":"https:\/\/m190.be\/?page_id=2"},"modified":"2019-11-30T14:19:10","modified_gmt":"2019-11-30T13:19:10","slug":"page-d-exemple","status":"publish","type":"page","link":"https:\/\/m190.be\/index.php\/page-d-exemple\/","title":{"rendered":"A Propos"},"content":{"rendered":"\n<p>Les Cabinets m\u00e9dicaux et param\u00e9dicaux de Mont-sur-Marchienne se situent \u00e0 l&rsquo;avenue Paul Pastur, au num\u00e9ro 190.<\/p>\n\n\n\n<p>Ils sont g\u00e9r\u00e9s par la SPRL Immo CABRI. Toute information peut \u00eatre obtenue directement par mail \u00e0 info@immocabri.be, ou par t\u00e9l\u00e9phone, au 0475\/64 88 31<\/p>\n\n\n\n<figure class=\"wp-block-image size-large\"><img loading=\"lazy\" decoding=\"async\" width=\"1024\" height=\"768\" src=\"https:\/\/m190.be\/wp-content\/uploads\/2019\/11\/villa1-1024x768.jpg\" alt=\"\" class=\"wp-image-23\" srcset=\"https:\/\/m190.be\/wp-content\/uploads\/2019\/11\/villa1-1024x768.jpg 1024w, https:\/\/m190.be\/wp-content\/uploads\/2019\/11\/villa1-300x225.jpg 300w, https:\/\/m190.be\/wp-content\/uploads\/2019\/11\/villa1-768x576.jpg 768w, https:\/\/m190.be\/wp-content\/uploads\/2019\/11\/villa1-1536x1152.jpg 1536w, https:\/\/m190.be\/wp-content\/uploads\/2019\/11\/villa1-2048x1536.jpg 2048w\" sizes=\"auto, (max-width: 1024px) 100vw, 1024px\" \/><\/figure>\n","protected":false},"excerpt":{"rendered":"<div class=\"entry-summary\">\nLes Cabinets m\u00e9dicaux et param\u00e9dicaux de Mont-sur-Marchienne se situent \u00e0 l&rsquo;avenue Paul Pastur, au num\u00e9ro 190. Ils sont g\u00e9r\u00e9s par la SPRL Immo CABRI. Toute information peut \u00eatre obtenue directement par mail \u00e0 info@immocabri.be, ou par t\u00e9l\u00e9phone, au 0475\/64 88&hellip;\n<\/div>\n<div class=\"link-more\"><a href=\"https:\/\/m190.be\/index.php\/page-d-exemple\/\" class=\"more-link\">Continue reading<span class=\"screen-reader-text\"> &ldquo;A Propos&rdquo;<\/span>&hellip;<\/a><\/div>\n","protected":false},"author":1,"featured_media":0,"parent":0,"menu_order":0,"comment_status":"closed","ping_status":"open","template":"","meta":{"footnotes":""},"class_list":["post-2","page","type-page","status-publish","hentry","entry"],"_links":{"self":[{"href":"https:\/\/m190.be\/index.php\/wp-json\/wp\/v2\/pages\/2","targetHints":{"allow":["GET"]}}],"collection":[{"href":"https:\/\/m190.be\/index.php\/wp-json\/wp\/v2\/pages"}],"about":[{"href":"https:\/\/m190.be\/index.php\/wp-json\/wp\/v2\/types\/page"}],"author":[{"embeddable":true,"href":"https:\/\/m190.be\/index.php\/wp-json\/wp\/v2\/users\/1"}],"replies":[{"embeddable":true,"href":"https:\/\/m190.be\/index.php\/wp-json\/wp\/v2\/comments?post=2"}],"version-history":[{"count":2,"href":"https:\/\/m190.be\/index.php\/wp-json\/wp\/v2\/pages\/2\/revisions"}],"predecessor-version":[{"id":31,"href":"https:\/\/m190.be\/index.php\/wp-json\/wp\/v2\/pages\/2\/revisions\/31"}],"wp:attachment":[{"href":"https:\/\/m190.be\/index.php\/wp-json\/wp\/v2\/media?parent=2"}],"curies":[{"name":"wp","href":"https:\/\/api.w.org\/{rel}","templated":true}]}}